{"id":276,"date":"2024-03-05T12:11:49","date_gmt":"2024-03-05T11:11:49","guid":{"rendered":"https:\/\/bialaczapla.pl\/?page_id=276"},"modified":"2024-03-05T13:13:53","modified_gmt":"2024-03-05T12:13:53","slug":"cennik","status":"publish","type":"page","link":"https:\/\/bialaczapla.pl\/index.php\/cennik\/","title":{"rendered":"Wprowad\u017a daty by sprawdzi\u0107 ceny i dost\u0119pno\u015b\u0107:"},"content":{"rendered":"\n<iframe id=\"ra-reservation-form-v2-0044bb06aa09c80e8f652ec81c0296d8\" style=\"width: 100%; height:100px; border: none; padding: 0;\" src=\"https:\/\/roomadmin.pl\/widget\/reservation-v2\/start?fh=ff8f8f1d5d32eb2bb3f2539f6ae540403ce6a7fd&amp;style=%7B%22color_accent%22%3A%22%23A1195B%22%2C%22color_bg%22%3A%22%23FFFFFF%22%2C%22color_panel_header%22%3A%22%23FFFFFF%22%2C%22color_panel_body%22%3A%22%23FFFFFF%22%2C%22rounded_corners%22%3Atrue%7D&amp;filter=%7B%7D&amp;lang=pl\"><\/iframe> \n     <script> \ntry {\n (function() {\n     var iframe = window.document.getElementById('ra-reservation-form-v2-0044bb06aa09c80e8f652ec81c0296d8');\n     function raMessageReceiver(event) {\n         if (iframe) {\n             if (!event.data.sender || \"reservation-form-0044bb06aa09c80e8f652ec81c0296d8\" !== event.data.sender) {\n                 return;\n             }\n             if (event.data.height) {\n                 iframe.style.height = (event.data.height + 10) + \"px\";\n             }\n             if (event.data.event && event.data.event.name === \"widget.scrollup.requested\") {\n                 try {\n                     iframe.scrollIntoView({\n                         behavior: \"smooth\",\n                         block: \"start\"\n                     });\n                 } catch (e) {}\n             }\n             if (event.data.event && event.data.event.name === \"reservation.submit.success\") {\n                 console.log(\"reservation.submit.success\", event.data.event.data);\n                 var moneyTotal = event.data.event.data.reservation.moneyTotal;\n                 var id = event.data.event.data.reservation.id;\n                 gtag('event', 'purchase', {\n                     \"transaction_id\": id,\n                     \"value\": moneyTotal \/ 100,\n                     \"currency\": \"PLN\"\n                 });\n             }\n             if (event.data.event && event.data.event.name === \"reservation.variant-search.start\") {\n                 \/*console.log(\"variant search started\"); *\/ \n             }\n         }\n     }\n     window.addEventListener(\"message\", raMessageReceiver, false);\n     function setup() {\n         try {\n             iframe.contentWindow.postMessage({\n                 location: window.location.toString(),\n                 setup: {\n                     autoHeight: true,\n                     senderName: \"reservation-form-0044bb06aa09c80e8f652ec81c0296d8\"\n                 }\n             }, \"*\");\n         } catch (e) {}\n     }\n     setInterval(setup, 1000);\n     iframe.addEventListener(\"load\", setup);\n })();\n} catch (e) {\n console.error(e);\n}\n<\/script>\n\n\n\n<figure class=\"wp-block-gallery has-nested-images columns-default is-cropped wp-block-gallery-1 is-layout-flex\">\n<figure class=\"wp-block-image size-large\"><img decoding=\"async\" loading=\"lazy\" width=\"1024\" height=\"767\" data-id=\"321\"  src=\"https:\/\/bialaczapla.pl\/wp-content\/uploads\/2024\/03\/DJI_0036-Edytuj-1024x767.jpg\" alt=\"\" class=\"wp-image-321\" srcset=\"https:\/\/bialaczapla.pl\/wp-content\/uploads\/2024\/03\/DJI_0036-Edytuj-1024x767.jpg 1024w, https:\/\/bialaczapla.pl\/wp-content\/uploads\/2024\/03\/DJI_0036-Edytuj-300x225.jpg 300w, https:\/\/bialaczapla.pl\/wp-content\/uploads\/2024\/03\/DJI_0036-Edytuj-768x576.jpg 768w, https:\/\/bialaczapla.pl\/wp-content\/uploads\/2024\/03\/DJI_0036-Edytuj-1536x1151.jpg 1536w, https:\/\/bialaczapla.pl\/wp-content\/uploads\/2024\/03\/DJI_0036-Edytuj-2048x1535.jpg 2048w, https:\/\/bialaczapla.pl\/wp-content\/uploads\/2024\/03\/DJI_0036-Edytuj-1200x899.jpg 1200w\" sizes=\"(max-width: 709px) 85vw, (max-width: 909px) 67vw, (max-width: 1362px) 62vw, 840px\" \/><\/figure>\n\n\n\n<figure class=\"wp-block-image size-large\"><img decoding=\"async\" loading=\"lazy\" width=\"1024\" height=\"682\" data-id=\"320\"  src=\"https:\/\/bialaczapla.pl\/wp-content\/uploads\/2024\/03\/474503603-1024x682.jpg\" alt=\"\" class=\"wp-image-320\" srcset=\"https:\/\/bialaczapla.pl\/wp-content\/uploads\/2024\/03\/474503603-1024x682.jpg 1024w, https:\/\/bialaczapla.pl\/wp-content\/uploads\/2024\/03\/474503603-300x200.jpg 300w, https:\/\/bialaczapla.pl\/wp-content\/uploads\/2024\/03\/474503603-768x512.jpg 768w, https:\/\/bialaczapla.pl\/wp-content\/uploads\/2024\/03\/474503603-1200x800.jpg 1200w, https:\/\/bialaczapla.pl\/wp-content\/uploads\/2024\/03\/474503603.jpg 1280w\" sizes=\"(max-width: 709px) 85vw, (max-width: 909px) 67vw, (max-width: 1362px) 62vw, 840px\" \/><\/figure>\n\n\n\n<figure class=\"wp-block-image size-large\"><img decoding=\"async\" loading=\"lazy\" width=\"1024\" height=\"682\" data-id=\"317\"  src=\"https:\/\/bialaczapla.pl\/wp-content\/uploads\/2024\/03\/474502423-1024x682.jpg\" alt=\"\" class=\"wp-image-317\" srcset=\"https:\/\/bialaczapla.pl\/wp-content\/uploads\/2024\/03\/474502423-1024x682.jpg 1024w, https:\/\/bialaczapla.pl\/wp-content\/uploads\/2024\/03\/474502423-300x200.jpg 300w, https:\/\/bialaczapla.pl\/wp-content\/uploads\/2024\/03\/474502423-768x512.jpg 768w, https:\/\/bialaczapla.pl\/wp-content\/uploads\/2024\/03\/474502423-1200x800.jpg 1200w, https:\/\/bialaczapla.pl\/wp-content\/uploads\/2024\/03\/474502423.jpg 1280w\" sizes=\"(max-width: 709px) 85vw, (max-width: 909px) 67vw, (max-width: 1362px) 62vw, 840px\" \/><\/figure>\n\n\n\n<figure class=\"wp-block-image size-large\"><img decoding=\"async\" loading=\"lazy\" width=\"1024\" height=\"682\" data-id=\"319\"  src=\"https:\/\/bialaczapla.pl\/wp-content\/uploads\/2024\/03\/474501311-1024x682.jpg\" alt=\"\" class=\"wp-image-319\" srcset=\"https:\/\/bialaczapla.pl\/wp-content\/uploads\/2024\/03\/474501311-1024x682.jpg 1024w, https:\/\/bialaczapla.pl\/wp-content\/uploads\/2024\/03\/474501311-300x200.jpg 300w, https:\/\/bialaczapla.pl\/wp-content\/uploads\/2024\/03\/474501311-768x512.jpg 768w, https:\/\/bialaczapla.pl\/wp-content\/uploads\/2024\/03\/474501311-1200x800.jpg 1200w, https:\/\/bialaczapla.pl\/wp-content\/uploads\/2024\/03\/474501311.jpg 1280w\" sizes=\"(max-width: 709px) 85vw, (max-width: 909px) 67vw, (max-width: 1362px) 62vw, 840px\" \/><\/figure>\n\n\n\n<figure class=\"wp-block-image size-large\"><img decoding=\"async\" loading=\"lazy\" width=\"1024\" height=\"682\" data-id=\"318\"  src=\"https:\/\/bialaczapla.pl\/wp-content\/uploads\/2024\/03\/474501459-1024x682.jpg\" alt=\"\" class=\"wp-image-318\" srcset=\"https:\/\/bialaczapla.pl\/wp-content\/uploads\/2024\/03\/474501459-1024x682.jpg 1024w, https:\/\/bialaczapla.pl\/wp-content\/uploads\/2024\/03\/474501459-300x200.jpg 300w, https:\/\/bialaczapla.pl\/wp-content\/uploads\/2024\/03\/474501459-768x512.jpg 768w, https:\/\/bialaczapla.pl\/wp-content\/uploads\/2024\/03\/474501459-1200x800.jpg 1200w, https:\/\/bialaczapla.pl\/wp-content\/uploads\/2024\/03\/474501459.jpg 1280w\" sizes=\"(max-width: 709px) 85vw, (max-width: 909px) 67vw, (max-width: 1362px) 62vw, 840px\" \/><\/figure>\n<\/figure>\n","protected":false},"excerpt":{"rendered":"","protected":false},"author":2,"featured_media":0,"parent":0,"menu_order":2,"comment_status":"closed","ping_status":"closed","template":"","meta":[],"_links":{"self":[{"href":"https:\/\/bialaczapla.pl\/index.php\/wp-json\/wp\/v2\/pages\/276"}],"collection":[{"href":"https:\/\/bialaczapla.pl\/index.php\/wp-json\/wp\/v2\/pages"}],"about":[{"href":"https:\/\/bialaczapla.pl\/index.php\/wp-json\/wp\/v2\/types\/page"}],"author":[{"embeddable":true,"href":"https:\/\/bialaczapla.pl\/index.php\/wp-json\/wp\/v2\/users\/2"}],"replies":[{"embeddable":true,"href":"https:\/\/bialaczapla.pl\/index.php\/wp-json\/wp\/v2\/comments?post=276"}],"version-history":[{"count":5,"href":"https:\/\/bialaczapla.pl\/index.php\/wp-json\/wp\/v2\/pages\/276\/revisions"}],"predecessor-version":[{"id":339,"href":"https:\/\/bialaczapla.pl\/index.php\/wp-json\/wp\/v2\/pages\/276\/revisions\/339"}],"wp:attachment":[{"href":"https:\/\/bialaczapla.pl\/index.php\/wp-json\/wp\/v2\/media?parent=276"}],"curies":[{"name":"wp","href":"https:\/\/api.w.org\/{rel}","templated":true}]}}